{"id":23,"date":"2016-11-27T20:27:18","date_gmt":"2016-11-27T20:27:18","guid":{"rendered":"http:\/\/curiealapitvany.hu\/?page_id=23"},"modified":"2017-10-19T17:09:34","modified_gmt":"2017-10-19T17:09:34","slug":"kezdolap","status":"publish","type":"page","link":"http:\/\/curiealapitvany.hu\/","title":{"rendered":"Kezd\u0151lap"},"content":{"rendered":"<p>[vc_row][vc_column][vc_custom_heading text=&#8221;Aktu\u00e1lis h\u00edreink, legfrissebb bejegyz\u00e9seink:&#8221; font_container=&#8221;tag:h2|font_size:22|text_align:center|color:%23014fa3&#8243; google_fonts=&#8221;font_family:Arimo%3Aregular%2Citalic%2C700%2C700italic|font_style:400%20regular%3A400%3Anormal&#8221;][\/vc_column][\/vc_row][vc_row][vc_column][vc_basic_grid post_type=&#8221;post&#8221; max_items=&#8221;10&#8243; style=&#8221;load-more&#8221; element_width=&#8221;6&#8243; item=&#8221;masonryGrid_Default&#8221; grid_id=&#8221;vc_gid:1491827524301-6476ce99-60e0-10&#8243; taxonomies=&#8221;7&#8243; btn_add_icon=&#8221;true&#8221; btn_custom_onclick=&#8221;true&#8221;][\/vc_column][\/vc_row]<\/p>\n","protected":false},"excerpt":{"rendered":"<p>[vc_row][vc_column][vc_custom_heading text=&#8221;Aktu\u00e1lis h\u00edreink, legfrissebb bejegyz\u00e9seink:&#8221; font_container=&#8221;tag:h2|font_size:22|text_align:center|color:%23014fa3&#8243; google_fonts=&#8221;font_family:Arimo%3Aregular%2Citalic%2C700%2C700italic|font_style:400%20regular%3A400%3Anormal&#8221;][\/vc_column][\/vc_row][vc_row][vc_column][vc_basic_grid post_type=&#8221;post&#8221; max_items=&#8221;10&#8243; style=&#8221;load-more&#8221; element_width=&#8221;6&#8243; item=&#8221;masonryGrid_Default&#8221; grid_id=&#8221;vc_gid:1491827524301-6476ce99-60e0-10&#8243; taxonomies=&#8221;7&#8243; btn_add_icon=&#8221;true&#8221; btn_custom_onclick=&#8221;true&#8221;][\/vc_column][\/vc_row]<\/p>\n","protected":false},"author":1,"featured_media":0,"parent":0,"menu_order":0,"comment_status":"closed","ping_status":"closed","template":"","meta":[],"_links":{"self":[{"href":"http:\/\/curiealapitvany.hu\/index.php?rest_route=\/wp\/v2\/pages\/23"}],"collection":[{"href":"http:\/\/curiealapitvany.hu\/index.php?rest_route=\/wp\/v2\/pages"}],"about":[{"href":"http:\/\/curiealapitvany.hu\/index.php?rest_route=\/wp\/v2\/types\/page"}],"author":[{"embeddable":true,"href":"http:\/\/curiealapitvany.hu\/index.php?rest_route=\/wp\/v2\/users\/1"}],"replies":[{"embeddable":true,"href":"http:\/\/curiealapitvany.hu\/index.php?rest_route=%2Fwp%2Fv2%2Fcomments&post=23"}],"version-history":[{"count":32,"href":"http:\/\/curiealapitvany.hu\/index.php?rest_route=\/wp\/v2\/pages\/23\/revisions"}],"predecessor-version":[{"id":1178,"href":"http:\/\/curiealapitvany.hu\/index.php?rest_route=\/wp\/v2\/pages\/23\/revisions\/1178"}],"wp:attachment":[{"href":"http:\/\/curiealapitvany.hu\/index.php?rest_route=%2Fwp%2Fv2%2Fmedia&parent=23"}],"curies":[{"name":"wp","href":"https:\/\/api.w.org\/{rel}","templated":true}]}}