{"id":8,"date":"2016-11-11T16:05:50","date_gmt":"2016-11-11T16:05:50","guid":{"rendered":"http:\/\/curiealapitvany.hu\/?page_id=8"},"modified":"2020-07-04T13:38:01","modified_gmt":"2020-07-04T13:38:01","slug":"kapcsolat","status":"publish","type":"page","link":"http:\/\/curiealapitvany.hu\/?page_id=8","title":{"rendered":"Kapcsolat"},"content":{"rendered":"<h3><img class=\"size-full wp-image-22 aligncenter\" src=\"http:\/\/curiealapitvany.hu\/wp-content\/uploads\/2016\/11\/curie-alapitvany-logo-big.png\" alt=\"curie-alapitvany-logo-big\" width=\"609\" height=\"150\" srcset=\"http:\/\/curiealapitvany.hu\/wp-content\/uploads\/2016\/11\/curie-alapitvany-logo-big-200x49.png 200w, http:\/\/curiealapitvany.hu\/wp-content\/uploads\/2016\/11\/curie-alapitvany-logo-big-300x74.png 300w, http:\/\/curiealapitvany.hu\/wp-content\/uploads\/2016\/11\/curie-alapitvany-logo-big-400x99.png 400w, http:\/\/curiealapitvany.hu\/wp-content\/uploads\/2016\/11\/curie-alapitvany-logo-big-600x148.png 600w, http:\/\/curiealapitvany.hu\/wp-content\/uploads\/2016\/11\/curie-alapitvany-logo-big.png 609w\" sizes=\"(max-width: 609px) 100vw, 609px\" \/><\/h3>\n<h3 style=\"text-align: center;\">Postac\u00edm\u00fcnk: <span style=\"color: #333399;\"><strong>Curie Alap\u00edtv\u00e1ny 5000 Szolnok, Sz\u00e9l \u00fat 4.<\/strong><\/span><br \/>\nE-mail c\u00edm: <span style=\"color: #333399;\">curiealapitvany@gmail.com<\/span><br \/>\nHonlapc\u00edm: <span style=\"color: #333399;\"><strong>www.curiealapitvany.hu<\/strong><\/span><br \/>\nTelefon: <span style=\"color: #333399;\"><strong>+36 56 420 243<\/strong><\/span><br \/>\nFax: <span style=\"color: #333399;\"><strong>+36 56 420 243<\/strong><\/span><br \/>\nKurat\u00f3riumi eln\u00f6k, Curie versenyek f\u0151szervez\u0151je:<br \/>\n<span style=\"color: #333399;\"><strong>Dr. T\u00f6r\u00f6k Istv\u00e1nn\u00e9 |\u00a0+36 20 468 3739<\/strong><\/span><\/h3>\n<h3 style=\"text-align: center;\">&#8212;<\/h3>\n<h3 style=\"text-align: center;\">Ad\u00f3sz\u00e1munk: <span style=\"color: #333399;\"><strong>18821550-1-16<\/strong><\/span><br \/>\nSz\u00e1mlasz\u00e1munk: <span style=\"color: #333399;\"><strong>11745004-20059422<\/strong><\/span><\/h3>\n<div id=\"gtx-trans\" style=\"position: absolute; left: 628px; top: 368.438px;\">\n<div class=\"gtx-trans-icon\"><\/div>\n<\/div>\n","protected":false},"excerpt":{"rendered":"<p>Postac\u00edm\u00fcnk: Curie Alap\u00edtv\u00e1ny 5000 Szolnok, Sz\u00e9l \u00fat 4. E-mail c\u00edm: curiealapitvany@gmail.com Honlapc\u00edm: www.curiealapitvany.hu Telefon: +36 56 420 243 Fax: +36 56 420 243 Kurat\u00f3riumi eln\u00f6k, Curie versenyek f\u0151szervez\u0151je: Dr. T\u00f6r\u00f6k Istv\u00e1nn\u00e9 |\u00a0+36 20 468 3739 &#8212; Ad\u00f3sz\u00e1munk: 18821550-1-16 Sz\u00e1mlasz\u00e1munk: 11745004-20059422<\/p>\n","protected":false},"author":1,"featured_media":0,"parent":0,"menu_order":0,"comment_status":"closed","ping_status":"closed","template":"","meta":[],"_links":{"self":[{"href":"http:\/\/curiealapitvany.hu\/index.php?rest_route=\/wp\/v2\/pages\/8"}],"collection":[{"href":"http:\/\/curiealapitvany.hu\/index.php?rest_route=\/wp\/v2\/pages"}],"about":[{"href":"http:\/\/curiealapitvany.hu\/index.php?rest_route=\/wp\/v2\/types\/page"}],"author":[{"embeddable":true,"href":"http:\/\/curiealapitvany.hu\/index.php?rest_route=\/wp\/v2\/users\/1"}],"replies":[{"embeddable":true,"href":"http:\/\/curiealapitvany.hu\/index.php?rest_route=%2Fwp%2Fv2%2Fcomments&post=8"}],"version-history":[{"count":15,"href":"http:\/\/curiealapitvany.hu\/index.php?rest_route=\/wp\/v2\/pages\/8\/revisions"}],"predecessor-version":[{"id":150,"href":"http:\/\/curiealapitvany.hu\/index.php?rest_route=\/wp\/v2\/pages\/8\/revisions\/150"}],"wp:attachment":[{"href":"http:\/\/curiealapitvany.hu\/index.php?rest_route=%2Fwp%2Fv2%2Fmedia&parent=8"}],"curies":[{"name":"wp","href":"https:\/\/api.w.org\/{rel}","templated":true}]}}